{"id":22,"date":"2022-06-22T11:09:38","date_gmt":"2022-06-22T11:09:38","guid":{"rendered":"https:\/\/norkat.de\/?page_id=22"},"modified":"2022-07-29T08:04:50","modified_gmt":"2022-07-29T08:04:50","slug":"impressum","status":"publish","type":"page","link":"https:\/\/norkat.de\/?page_id=22","title":{"rendered":"Impressum"},"content":{"rendered":"\n<p><strong>Informationen gem\u00e4\u00df \u00a7 5 TMG&nbsp;<\/strong><\/p>\n\n\n\n<p>norkat IT Solutions GmbH<br>Uhlandstra\u00dfe 16B<br>04177 Leipzig<br>Germany<\/p>\n\n\n\n<p class=\"has-foreground-color has-text-color\"><strong>Gesch\u00e4ftsf\u00fchrer<\/strong><\/p>\n\n\n\n<p>Norbert Martin Lang<\/p>\n\n\n\n<p class=\"has-foreground-color has-text-color\"><strong>Kontakt<\/strong><\/p>\n\n\n\n<p>Telefon: +49 (0) 171 334 00 62<br>E-Mail: info[at]norkat.de<\/p>\n\n\n\n<p class=\"has-foreground-color has-text-color\"><strong>Registergericht<\/strong><\/p>\n\n\n\n<p>Amtsgericht Leipzig<\/p>\n\n\n\n<p class=\"has-foreground-color has-text-color\"><strong>Registernummer<\/strong><\/p>\n\n\n\n<p>HRB 40487<\/p>\n\n\n\n<p><strong>Umsatzsteuer-Identifikationsnummer gem\u00e4\u00df \u00a727 a Umsatzsteuergesetz<\/strong><\/p>\n\n\n\n<p>TBD<\/p>\n\n\n\n<p><strong>Widerspruch Werbe-Mails<\/strong><\/p>\n\n\n\n<p>Der Nutzung von im Rahmen der Impressumspflicht ver\u00f6ffentlichten Kontaktdaten zur \u00dcbersendung von nicht ausdr\u00fccklich angeforderter Werbung und Informationsmaterialien wird hiermit widersprochen. Die Betreiber der Seiten behalten sich ausdr\u00fccklich rechtliche Schritte im Falle der unverlangten Zusendung von Werbeinformationen, etwa durch Spam-E-Mails, vor.<\/p>\n\n\n\n<p class=\"has-foreground-color has-text-color\"><strong>Haftungshinweis<\/strong><\/p>\n\n\n\n<p>Trotz sorgf\u00e4ltiger inhaltlicher Kontrolle \u00fcbernehmen wir keine Haftung f\u00fcr die Inhalte externer Links. F\u00fcr den Inhalt der verlinkten Seiten sind ausschlie\u00dflich deren Betreiber verantwortlich.<\/p>\n","protected":false},"excerpt":{"rendered":"<p>Informationen gem\u00e4\u00df \u00a7 5 TMG&nbsp; norkat IT Solutions GmbHUhlandstra\u00dfe 16B04177 LeipzigGermany Gesch\u00e4ftsf\u00fchrer Norbert Martin Lang Kontakt Telefon: +49 (0) 171 334 00 62E-Mail: info[at]norkat.de Registergericht Amtsgericht Leipzig Registernummer HRB 40487 [&hellip;]<\/p>\n","protected":false},"author":1,"featured_media":0,"parent":0,"menu_order":0,"comment_status":"closed","ping_status":"closed","template":"","meta":{"_EventAllDay":false,"_EventTimezone":"","_EventStartDate":"","_EventEndDate":"","_EventStartDateUTC":"","_EventEndDateUTC":"","_EventShowMap":false,"_EventShowMapLink":false,"_EventURL":"","_EventCost":"","_EventCostDescription":"","_EventCurrencySymbol":"","_EventCurrencyCode":"","_EventCurrencyPosition":"","_EventDateTimeSeparator":"","_EventTimeRangeSeparator":"","_EventOrganizerID":[],"_EventVenueID":[],"_OrganizerEmail":"","_OrganizerPhone":"","_OrganizerWebsite":"","_VenueAddress":"","_VenueCity":"","_VenueCountry":"","_VenueProvince":"","_VenueState":"","_VenueZip":"","_VenuePhone":"","_VenueURL":"","_VenueStateProvince":"","_VenueLat":"","_VenueLng":"","_VenueShowMap":false,"_VenueShowMapLink":false,"footnotes":""},"class_list":["post-22","page","type-page","status-publish","hentry"],"_links":{"self":[{"href":"https:\/\/norkat.de\/index.php?rest_route=\/wp\/v2\/pages\/22","targetHints":{"allow":["GET"]}}],"collection":[{"href":"https:\/\/norkat.de\/index.php?rest_route=\/wp\/v2\/pages"}],"about":[{"href":"https:\/\/norkat.de\/index.php?rest_route=\/wp\/v2\/types\/page"}],"author":[{"embeddable":true,"href":"https:\/\/norkat.de\/index.php?rest_route=\/wp\/v2\/users\/1"}],"replies":[{"embeddable":true,"href":"https:\/\/norkat.de\/index.php?rest_route=%2Fwp%2Fv2%2Fcomments&post=22"}],"version-history":[{"count":5,"href":"https:\/\/norkat.de\/index.php?rest_route=\/wp\/v2\/pages\/22\/revisions"}],"predecessor-version":[{"id":39,"href":"https:\/\/norkat.de\/index.php?rest_route=\/wp\/v2\/pages\/22\/revisions\/39"}],"wp:attachment":[{"href":"https:\/\/norkat.de\/index.php?rest_route=%2Fwp%2Fv2%2Fmedia&parent=22"}],"curies":[{"name":"wp","href":"https:\/\/api.w.org\/{rel}","templated":true}]}}